{"id":43,"date":"2014-02-25T13:56:34","date_gmt":"2014-02-25T11:26:34","guid":{"rendered":"http:\/\/divadekor.com\/?page_id=43"},"modified":"2024-02-24T13:06:39","modified_gmt":"2024-02-24T10:36:39","slug":"hakkimizda","status":"publish","type":"page","link":"http:\/\/divadekor.com\/?page_id=43","title":{"rendered":"Hakk\u0131m\u0131zda"},"content":{"rendered":"<p>Dekorasyon ve tadilat sekt\u00f6r\u00fcnde imalat, kalite, tasar\u0131m,\u00a0 ve markala\u015fma yolunda \u00f6nemli ad\u0131mlar at\u0131l\u0131rken, sekt\u00f6r\u00fcn g\u00fcnden g\u00fcne b\u00fcy\u00fcmesi, m\u00fc\u015fterilerin bilin\u00e7lenmesi ne istedi\u011fini bilmesi kafalardaki dekorasyon anlay\u0131\u015f\u0131n\u0131 da de\u011fi\u015ftirmi\u015ftir. Bir e\u015fya al\u0131rken , tadilat yapt\u0131r\u0131rken i\u015flevsellik, rahatl\u0131k, tasar\u0131m farkl\u0131l\u0131\u011f\u0131 , yenilik\u00e7ilik ve esteti\u011fin bir arada olmas\u0131 gerekmektedir. \u0130nsanlar mobilyalar\u0131n\u0131 al\u0131rken ayn\u0131 zaman da\u00a0 do\u011fru tercihleriyle huzur ve mutlulukta almal\u0131lar. Bizde dekorasyon yaparken insanlar\u0131n bize duydu\u011fu g\u00fcveni bo\u015fa \u00e7\u0131karmamak i\u00e7in gereken her \u015feyi, elimizden geldi\u011fi kadar de\u011fil olmas\u0131 gerekti\u011fi kadar sa\u011fl\u0131yoruz. \u0130\u015fi alabilmek i\u00e7in m\u00fc\u015fteriye her \u015feyi hallederiz abla\/abi demiyoruz. Hayallerini k\u0131rm\u0131yoruz.\u00a0 Olmayacak bir \u015fey varsa bunu s\u00f6zle\u015fmeden \u00f6nce m\u00fc\u015fterimizle payla\u015f\u0131yoruz.<\/p>\n<p>M\u00fc\u015fterimiz proje haz\u0131rlan\u0131rken her zaman projenin i\u00e7inde olmal\u0131 ki kendinden bir \u015feyler katabilsin.<\/p>\n<p>Firma olarak sizlere keyifli ve sa\u011fl\u0131kl\u0131 ya\u015fam alanlar\u0131 olu\u015ftururken ; imalat\u00e7\u0131 firma olman\u0131n avantajlar\u0131n\u0131 sizlere ya\u015fat\u0131yoruz.Yap\u0131lacak imalatlarda tadilatlarda, ihtiyac\u0131n\u0131z olan tamamen sizin gereksinimleriniz g\u00f6z \u00f6n\u00fcnde bulundurularak projelerimizi haz\u0131rl\u0131yor, sadece g\u00f6r\u00fcnt\u00fc ho\u015f g\u00f6z\u00fckecek tasar\u0131mlar de\u011fil, ihtiyac\u0131n\u0131z\u0131 kar\u015f\u0131layacak \u00e7al\u0131\u015fmalar\u00a0 yap\u0131yoruz.<\/p>\n<p>Yak\u0131nlar\u0131n\u0131zda firmam\u0131zla \u00e7al\u0131\u015fm\u0131\u015f m\u00fc\u015fterilerimiz mutlaka vard\u0131r..Referans\u0131m\u0131z m\u00fc\u015fterilerimizdir.<\/p>\n<p>Bizim i\u00e7in de\u011ferlisiniz\u2026<\/p>\n<p>Sayg\u0131lar\u0131m\u0131zla\u2026<\/p>\n","protected":false},"excerpt":{"rendered":"<p>Dekorasyon ve tadilat sekt\u00f6r\u00fcnde imalat, kalite, tasar\u0131m,\u00a0 ve markala\u015fma yolunda \u00f6nemli ad\u0131mlar at\u0131l\u0131rken, sekt\u00f6r\u00fcn g\u00fcnden g\u00fcne b\u00fcy\u00fcmesi, m\u00fc\u015fterilerin bilin\u00e7lenmesi ne istedi\u011fini bilmesi kafalardaki dekorasyon anlay\u0131\u015f\u0131n\u0131 da de\u011fi\u015ftirmi\u015ftir. Bir e\u015fya al\u0131rken , tadilat yapt\u0131r\u0131rken i\u015flevsellik, rahatl\u0131k, tasar\u0131m farkl\u0131l\u0131\u011f\u0131 , yenilik\u00e7ilik ve esteti\u011fin bir arada olmas\u0131 gerekmektedir. \u0130nsanlar mobilyalar\u0131n\u0131 al\u0131rken ayn\u0131 zaman da\u00a0 do\u011fru tercihleriyle huzur ve [&hellip;]<\/p>\n","protected":false},"author":1,"featured_media":0,"parent":0,"menu_order":0,"comment_status":"open","ping_status":"open","template":"","meta":{"footnotes":""},"_links":{"self":[{"href":"http:\/\/divadekor.com\/index.php?rest_route=\/wp\/v2\/pages\/43"}],"collection":[{"href":"http:\/\/divadekor.com\/index.php?rest_route=\/wp\/v2\/pages"}],"about":[{"href":"http:\/\/divadekor.com\/index.php?rest_route=\/wp\/v2\/types\/page"}],"author":[{"embeddable":true,"href":"http:\/\/divadekor.com\/index.php?rest_route=\/wp\/v2\/users\/1"}],"replies":[{"embeddable":true,"href":"http:\/\/divadekor.com\/index.php?rest_route=%2Fwp%2Fv2%2Fcomments&post=43"}],"version-history":[{"count":2,"href":"http:\/\/divadekor.com\/index.php?rest_route=\/wp\/v2\/pages\/43\/revisions"}],"predecessor-version":[{"id":131,"href":"http:\/\/divadekor.com\/index.php?rest_route=\/wp\/v2\/pages\/43\/revisions\/131"}],"wp:attachment":[{"href":"http:\/\/divadekor.com\/index.php?rest_route=%2Fwp%2Fv2%2Fmedia&parent=43"}],"curies":[{"name":"wp","href":"https:\/\/api.w.org\/{rel}","templated":true}]}}