{"id":30,"date":"2014-02-13T06:46:05","date_gmt":"2014-02-13T06:46:05","guid":{"rendered":"http:\/\/divadekor.com\/?page_id=30"},"modified":"2024-02-24T14:21:45","modified_gmt":"2024-02-24T11:51:45","slug":"iletisim","status":"publish","type":"page","link":"http:\/\/divadekor.com\/?page_id=30","title":{"rendered":"\u0130leti\u015fim"},"content":{"rendered":"<p><strong>Adres:<\/strong><br \/>G\u00fcne\u015fevler Mahallesi<br \/>\u00c7aml\u0131tepe Caddesi No:67\/1<br \/>Siteler Alt\u0131nda\u011f \/ ANKARA<\/p>\n<p><strong>Telefon:<\/strong><br \/>+90 312 350 52 28<br \/>+90 532 455 72 82<\/p>\n\n\t\t<div id=\"wpmapblock_f0c158e0\" data-settings='{&quot;map_marker&quot;:[{&quot;lat&quot;:&quot;39.963524465481&quot;,&quot;lng&quot;:&quot;32.895142436028&quot;,&quot;title&quot;:&quot;Diva Dekor&quot;,&quot;content&quot;:&quot;Diva Dekor\\nG\\u00fcne\\u015fevler Mahallesi\\n\\u00c7aml\\u0131tepe Caddesi No:67\\\/1\\nSiteler Alt\\u0131nda\\u011f \\\/ ANKARA&quot;,&quot;iconType&quot;:&quot;default&quot;,&quot;customIconUrl&quot;:&quot;&quot;,&quot;customIconWidth&quot;:&quot;25&quot;,&quot;customIconHeight&quot;:&quot;40&quot;}],&quot;map_zoom&quot;:&quot;16&quot;,&quot;scroll_wheel_zoom&quot;:false,&quot;map_type&quot;:&quot;GM&quot;,&quot;center_index&quot;:0}' class=\"wpmapblockrender\" style=\"\n\t\t\twidth: 100%;\n\t\t\theight: 500px;\n\t\t\"><\/div>\n        ","protected":false},"excerpt":{"rendered":"<p>Adres:G\u00fcne\u015fevler Mahallesi\u00c7aml\u0131tepe Caddesi No:67\/1Siteler Alt\u0131nda\u011f \/ ANKARA Telefon:+90 312 350 52 28+90 532 455 72 82<\/p>\n","protected":false},"author":1,"featured_media":0,"parent":0,"menu_order":0,"comment_status":"open","ping_status":"open","template":"","meta":{"footnotes":""},"_links":{"self":[{"href":"http:\/\/divadekor.com\/index.php?rest_route=\/wp\/v2\/pages\/30"}],"collection":[{"href":"http:\/\/divadekor.com\/index.php?rest_route=\/wp\/v2\/pages"}],"about":[{"href":"http:\/\/divadekor.com\/index.php?rest_route=\/wp\/v2\/types\/page"}],"author":[{"embeddable":true,"href":"http:\/\/divadekor.com\/index.php?rest_route=\/wp\/v2\/users\/1"}],"replies":[{"embeddable":true,"href":"http:\/\/divadekor.com\/index.php?rest_route=%2Fwp%2Fv2%2Fcomments&post=30"}],"version-history":[{"count":5,"href":"http:\/\/divadekor.com\/index.php?rest_route=\/wp\/v2\/pages\/30\/revisions"}],"predecessor-version":[{"id":1276,"href":"http:\/\/divadekor.com\/index.php?rest_route=\/wp\/v2\/pages\/30\/revisions\/1276"}],"wp:attachment":[{"href":"http:\/\/divadekor.com\/index.php?rest_route=%2Fwp%2Fv2%2Fmedia&parent=30"}],"curies":[{"name":"wp","href":"https:\/\/api.w.org\/{rel}","templated":true}]}}